{"id":216,"date":"2024-07-09T16:37:42","date_gmt":"2024-07-09T14:37:42","guid":{"rendered":"https:\/\/labulledemathilde.com\/?page_id=216"},"modified":"2024-07-09T16:39:52","modified_gmt":"2024-07-09T14:39:52","slug":"shiatsu","status":"publish","type":"page","link":"https:\/\/labulledemathilde.com\/?page_id=216","title":{"rendered":"Shiatsu"},"content":{"rendered":"\t\t<div data-elementor-type=\"wp-page\" data-elementor-id=\"216\" class=\"elementor elementor-216\" data-elementor-post-type=\"page\">\n\t\t\t\t<div class=\"elementor-element elementor-element-da05505 e-flex e-con-boxed e-con e-parent\" data-id=\"da05505\" data-element_type=\"container\">\n\t\t\t\t\t<div class=\"e-con-inner\">\n\t\t\t\t<div class=\"elementor-element elementor-element-62ce4aa elementor-widget elementor-widget-heading\" data-id=\"62ce4aa\" data-element_type=\"widget\" data-widget_type=\"heading.default\">\n\t\t\t\t<div class=\"elementor-widget-container\">\n\t\t\t<style>\/*! elementor - v3.22.0 - 26-06-2024 *\/\n.elementor-heading-title{padding:0;margin:0;line-height:1}.elementor-widget-heading .elementor-heading-title[class*=elementor-size-]>a{color:inherit;font-size:inherit;line-height:inherit}.elementor-widget-heading .elementor-heading-title.elementor-size-small{font-size:15px}.elementor-widget-heading .elementor-heading-title.elementor-size-medium{font-size:19px}.elementor-widget-heading .elementor-heading-title.elementor-size-large{font-size:29px}.elementor-widget-heading .elementor-heading-title.elementor-size-xl{font-size:39px}.elementor-widget-heading .elementor-heading-title.elementor-size-xxl{font-size:59px}<\/style><h2 class=\"elementor-heading-title elementor-size-default\">Shiatsu<\/h2>\t\t<\/div>\n\t\t\t\t<\/div>\n\t\t\t\t\t<\/div>\n\t\t\t\t<\/div>\n\t\t<div class=\"elementor-element elementor-element-a63d09a e-flex e-con-boxed e-con e-parent\" data-id=\"a63d09a\" data-element_type=\"container\">\n\t\t\t\t\t<div class=\"e-con-inner\">\n\t\t<div class=\"elementor-element elementor-element-1bbd0b9 e-con-full e-flex e-con e-child\" data-id=\"1bbd0b9\" data-element_type=\"container\">\n\t\t\t\t<div class=\"elementor-element elementor-element-536d57d elementor-widget elementor-widget-image\" data-id=\"536d57d\" data-element_type=\"widget\" data-widget_type=\"image.default\">\n\t\t\t\t<div class=\"elementor-widget-container\">\n\t\t\t<style>\/*! elementor - v3.22.0 - 26-06-2024 *\/\n.elementor-widget-image{text-align:center}.elementor-widget-image a{display:inline-block}.elementor-widget-image a img[src$=\".svg\"]{width:48px}.elementor-widget-image img{vertical-align:middle;display:inline-block}<\/style>\t\t\t\t\t\t\t\t\t\t<img fetchpriority=\"high\" decoding=\"async\" width=\"682\" height=\"1024\" src=\"https:\/\/labulledemathilde.com\/wp-content\/uploads\/2024\/07\/union-682x1024.jpg\" class=\"attachment-large size-large wp-image-57\" alt=\"\" srcset=\"https:\/\/labulledemathilde.com\/wp-content\/uploads\/2024\/07\/union-682x1024.jpg 682w, https:\/\/labulledemathilde.com\/wp-content\/uploads\/2024\/07\/union-200x300.jpg 200w, https:\/\/labulledemathilde.com\/wp-content\/uploads\/2024\/07\/union-768x1154.jpg 768w, https:\/\/labulledemathilde.com\/wp-content\/uploads\/2024\/07\/union.jpg 796w\" sizes=\"(max-width: 682px) 100vw, 682px\" \/>\t\t\t\t\t\t\t\t\t\t\t\t\t<\/div>\n\t\t\t\t<\/div>\n\t\t\t\t<\/div>\n\t\t<div class=\"elementor-element elementor-element-4012c01 e-con-full e-flex e-con e-child\" data-id=\"4012c01\" data-element_type=\"container\">\n\t\t\t\t<div class=\"elementor-element elementor-element-541d3b8 elementor-widget elementor-widget-text-editor\" data-id=\"541d3b8\" data-element_type=\"widget\" data-widget_type=\"text-editor.default\">\n\t\t\t\t<div class=\"elementor-widget-container\">\n\t\t\t<style>\/*! elementor - v3.22.0 - 26-06-2024 *\/\n.elementor-widget-text-editor.elementor-drop-cap-view-stacked .elementor-drop-cap{background-color:#69727d;color:#fff}.elementor-widget-text-editor.elementor-drop-cap-view-framed .elementor-drop-cap{color:#69727d;border:3px solid;background-color:transparent}.elementor-widget-text-editor:not(.elementor-drop-cap-view-default) .elementor-drop-cap{margin-top:8px}.elementor-widget-text-editor:not(.elementor-drop-cap-view-default) .elementor-drop-cap-letter{width:1em;height:1em}.elementor-widget-text-editor .elementor-drop-cap{float:left;text-align:center;line-height:1;font-size:50px}.elementor-widget-text-editor .elementor-drop-cap-letter{display:inline-block}<\/style>\t\t\t\t<p>\u00ab\u00a0Harmoniser le geste et l\u2019esprit, l\u2019esprit et le c\u0153ur, le c\u0153ur et le corps. C\u2019est chercher la voie du Shiatsu\u00a0!\u00a0\u00bb<br \/>Dans cette recherche afin de me lib\u00e9rer de ce qui m\u2019emp\u00eachait d\u2019exister librement, de m\u2019inventer, d\u2019\u00eatre profond\u00e9ment Moi, j\u2019ai suivi une formation de 4 ans de Shiatsu certifi\u00e9e RNCP, avec l\u2019un des premiers disciple de Ma\u00eetre Shizuto Masunaga, ainsi qu\u2019au Magn\u00e9tisme, selon la M\u00e9thode du Toucher Th\u00e9rapeutique, utilis\u00e9 dans des h\u00f4pitaux au Canada.<\/p><p>J\u2019ai pu d\u00e9couvrir l&#8217;ouverture vers le fonctionnement du corps, la d\u00e9couverte des m\u00e9ridiens (canaux d\u2019\u00e9nergie) qui nous traversent, et de quelle mani\u00e8re nous pouvons ressentir des blocages physiques qui sont li\u00e9s le plus souvent \u00e0 nos blocages \u00e9motionnels. C\u2019est une conversation permanente de notre corps avec nous, comment remettre \u00ab\u00a0la machine\u00a0\u00bb en route. Cela me porte toujours aujourd\u2019hui.<br \/>Shiatsu signifiant litt\u00e9ralement \u00ab\u00a0pression avec les doigts\u00a0\u00bb est un art japonais s\u2019inspirant de la M\u00e9decine Traditionnelle Chinoise, et de son action pr\u00e9ventive, bas\u00e9e sur la philosophie orientale de long\u00e9vit\u00e9 traditionnelle.<br \/>Le\u00a0Shiatsu envisage la sant\u00e9 de l&#8217;\u00eatre humain dans sa globalit\u00e9\u00a0: physique, psychique et mentale.<br \/>Il se base sur la th\u00e9orie du\u00a0Yin et du Yang, les 2\u00a0p\u00f4les de l&#8217;\u00e9nergie, qui sont \u00e0 la fois oppos\u00e9s et compl\u00e9mentaires. Selon la M\u00e9decine Traditionnelle Chinoise, ces 2\u00a0p\u00f4les, reli\u00e9s aux Cinq El\u00e9ments (Air, Eau, Terre, M\u00e9tal, Ether), animent et pr\u00e9servent toute forme de vie dans l\u2019Univers.<br \/>L\u2019approche holistique du Shiatsu, poss\u00e8de un grand nombre de bienfaits. Les pressions effectu\u00e9es sur les points r\u00e9flexes aide \u00e0 lib\u00e9rer l\u2019\u00e9nergie qui peut s\u2019accumuler dans notre corps et, ainsi \u00eatre \u00e0 l\u2019origine de maux et douleurs.<br \/><br \/><\/p>\t\t\t\t\t\t<\/div>\n\t\t\t\t<\/div>\n\t\t\t\t<\/div>\n\t\t\t\t\t<\/div>\n\t\t\t\t<\/div>\n\t\t<div class=\"elementor-element elementor-element-977c49c e-flex e-con-boxed e-con e-parent\" data-id=\"977c49c\" data-element_type=\"container\">\n\t\t\t\t\t<div class=\"e-con-inner\">\n\t\t\t\t<div class=\"elementor-element elementor-element-535bdbc elementor-widget elementor-widget-text-editor\" data-id=\"535bdbc\" data-element_type=\"widget\" data-widget_type=\"text-editor.default\">\n\t\t\t\t<div class=\"elementor-widget-container\">\n\t\t\t\t\t\t\t<p>En m\u00eame temps quand on sait que le corps contient 639 muscles dont 570 muscles stri\u00e9s squelettiques qui sont justement contr\u00f4l\u00e9s par notre syst\u00e8me nerveux central on comprend l\u2019int\u00e9r\u00eat de r\u00e9\u00e9quilibrer les tensions dans notre corps.<\/p><p>L\u2019action pr\u00e9ventive du Shiatsu permettra par exemple de\u00a0:<br \/>r\u00e9tablir le syst\u00e8me de d\u00e9fense naturelle de l\u2019organisme<br \/>revitaliser l\u2019organisme<br \/>\u00e9liminer les tensions et le stress<br \/>r\u00e9\u00e9quilibrer le corps et l\u2019esprit lors de choc \u00e9motionnel<br \/>apporter une d\u00e9tente contribuant ainsi \u00e0 am\u00e9liorer le bien-\u00eatre\u2026<br \/>Voici un petit r\u00e9capitulatif des \u00e9motions et de leurs influences \u00e9nerg\u00e9tiques sur les organes associ\u00e9s :<\/p><p>Col\u00e8re, frustration, ressentiment : sph\u00e8re \u00e9nerg\u00e9tique de Foie-V\u00e9sicule biliaire<\/p><p>Joie excessive, rires incontr\u00f4l\u00e9s, enthousiasme d\u00e9bordant (achat compulsif\u2026) : sph\u00e8re \u00e9nerg\u00e9tique du Coeur<\/p><p>Inqui\u00e9tude, soucis, r\u00e9flexions obsessionnelles, rumination : Rate-Pancr\u00e9as-Estomac<\/p><p>Tristesse, m\u00e9lancolie : Poumon-Gros intestin<\/p><p>Peur, d\u00e9termination, courage, volont\u00e9 : Reins-Vessie<\/p><p>Ce qui remplit le c\u0153ur,<br \/>c\u2019est ce qui remplira<br \/>la m\u00e9moire de l\u2019\u00e2me.<br \/>Le travail de th\u00e9rapie est, avant tout, non seulement un travail de service, mais un travail d\u2019humilit\u00e9. Le bon th\u00e9rapeute est celui qui aime l\u2019\u00eatre qui se trouve face \u00e0 lui.<br \/>Tant que vous n\u2019avez pas d\u00e9velopp\u00e9 la parfaite compassion face \u00e0 un \u00eatre qui souffre, vous \u00eates n\u00e9cessairement ignorants.<br \/>Ce qui compte c\u2019est que vous soyez en l\u2019autre au moment du soin. C\u2019est que vous soyez v\u00e9ritablement l\u2019autre, que vous appreniez \u00e0 ressentir son trouble, sans bien s\u00fbr que ce trouble devienne v\u00f4tre. Que vous d\u00e9veloppiez donc la compassion. Vous n\u2019\u00eates jamais seulement une main qui va se poser l\u00e0 o\u00f9 il y a une souffrance, ni un \u0153il qui va regarder au microscope telle pathologie et essayer d\u2019intervenir.<br \/>Quelle que soit votre science, si vous n\u2019\u00eates pas un c\u0153ur, il reste encore beaucoup de chemin \u00e0 faire.<\/p><p>Je pratique le Shiatsu exclusivement aux femmes, quelles que soient son\u00a0\u00e2ge,\u00a0d\u00e9sireuses de maintenir ou de d\u00e9velopper\u00a0un niveau de bien-\u00eatre physique, psychique et \u00e9motionnel.<\/p>\t\t\t\t\t\t<\/div>\n\t\t\t\t<\/div>\n\t\t\t\t\t<\/div>\n\t\t\t\t<\/div>\n\t\t\t\t<\/div>\n\t\t","protected":false},"excerpt":{"rendered":"<p>Shiatsu \u00ab\u00a0Harmoniser le geste et l\u2019esprit, l\u2019esprit et le c\u0153ur, le c\u0153ur et le corps. C\u2019est chercher la voie du Shiatsu\u00a0!\u00a0\u00bbDans cette recherche afin de me lib\u00e9rer de ce qui m\u2019emp\u00eachait d\u2019exister librement, de m\u2019inventer, d\u2019\u00eatre profond\u00e9ment Moi, j\u2019ai suivi une formation de 4 ans de Shiatsu certifi\u00e9e RNCP, avec l\u2019un des premiers disciple de [&hellip;]<\/p>\n","protected":false},"author":1,"featured_media":0,"parent":0,"menu_order":0,"comment_status":"closed","ping_status":"closed","template":"elementor_header_footer","meta":{"footnotes":""},"class_list":["post-216","page","type-page","status-publish","hentry"],"_links":{"self":[{"href":"https:\/\/labulledemathilde.com\/index.php?rest_route=\/wp\/v2\/pages\/216","targetHints":{"allow":["GET"]}}],"collection":[{"href":"https:\/\/labulledemathilde.com\/index.php?rest_route=\/wp\/v2\/pages"}],"about":[{"href":"https:\/\/labulledemathilde.com\/index.php?rest_route=\/wp\/v2\/types\/page"}],"author":[{"embeddable":true,"href":"https:\/\/labulledemathilde.com\/index.php?rest_route=\/wp\/v2\/users\/1"}],"replies":[{"embeddable":true,"href":"https:\/\/labulledemathilde.com\/index.php?rest_route=%2Fwp%2Fv2%2Fcomments&post=216"}],"version-history":[{"count":7,"href":"https:\/\/labulledemathilde.com\/index.php?rest_route=\/wp\/v2\/pages\/216\/revisions"}],"predecessor-version":[{"id":223,"href":"https:\/\/labulledemathilde.com\/index.php?rest_route=\/wp\/v2\/pages\/216\/revisions\/223"}],"wp:attachment":[{"href":"https:\/\/labulledemathilde.com\/index.php?rest_route=%2Fwp%2Fv2%2Fmedia&parent=216"}],"curies":[{"name":"wp","href":"https:\/\/api.w.org\/{rel}","templated":true}]}}